{"id":2233,"date":"2021-09-21T12:06:36","date_gmt":"2021-09-21T12:06:36","guid":{"rendered":"https:\/\/dyresel.com\/politica-de-privacidad\/"},"modified":"2022-03-07T11:34:04","modified_gmt":"2022-03-07T11:34:04","slug":"confidentialite","status":"publish","type":"page","link":"https:\/\/dyresel.com\/fr\/confidentialite\/","title":{"rendered":"Politique de confidentialit\u00e9"},"content":{"rendered":"<div  class='flex_column av-152ye-eb5e4ef858e85ba67bf0ec1de66ef431 av_one_full  avia-builder-el-0  avia-builder-el-no-sibling  first flex_column_div  '     ><section  class='av_textblock_section av-kyn7gsxj-ed151e355ec235e864f0233d3fedab2a '   itemscope=\"itemscope\" itemtype=\"https:\/\/schema.org\/CreativeWork\" ><div class='avia_textblock privacidad'  itemprop=\"text\" ><p><strong>POLITIQUE DE CONFIDENTIALIT\u00c9\u00a0<\/strong><\/p>\n<p>Chez DYRESEL, S.L., nous nous soucions de la confidentialit\u00e9 et de la transparence. Ci-dessous, nous vous pr\u00e9sentons en d\u00e9tail les traitements de donn\u00e9es personnelles que nous effectuons, ainsi que toutes les informations qui s&rsquo;y rapportent. Traitement des donn\u00e9es des clients<\/p>\n<p>Informations de base sur la protection des donn\u00e9es<\/p>\n<ul>\n<li><strong>Responsable:<\/strong> DYRESEL, S.L.<\/li>\n<li><strong>Objectif:<\/strong> fournir les services demand\u00e9s et envoyer des communications commerciales par voie \u00e9lectronique<\/li>\n<li><strong>L\u00e9gitimit\u00e9:<\/strong> Ex\u00e9cution d\u2019un contrat. Int\u00e9r\u00eat l\u00e9gitime du responsable.<\/li>\n<li><strong>Destinataires:<\/strong> Des transferts de donn\u00e9es sont pr\u00e9vus vers\u00a0: l\u2019administration fiscale\u00a0; des organismes financiers. Des transferts de donn\u00e9es sont pr\u00e9vus vers des pays tiers.<\/li>\n<li><strong>Droits:<\/strong> vous disposez d&rsquo;un droit d&rsquo;acc\u00e8s, de rectification et de suppression des donn\u00e9es, ainsi que d&rsquo;autres droits, indiqu\u00e9s dans les informations compl\u00e9mentaires, qui peuvent \u00eatre exerc\u00e9s en contactant l&rsquo;adresse du responsable du traitement des donn\u00e9es: contabilidad@dyresel.com.<\/li>\n<li><strong>Origine:<\/strong> de la personne concern\u00e9e et de sources publiques<\/li>\n<\/ul>\n<p><strong>Informations compl\u00e8tes sur la protection des donn\u00e9es. <\/strong><\/p>\n<p><strong>Qui est responsable du traitement de vos donn\u00e9es? <\/strong><\/p>\n<p>DYRESEL, S.L. B50196005<br \/>\nCALLE LA VENTA, 31 &#8211; 50420 &#8211; CADRETE<br \/>\nSARAGOSSE (ESPAGNE).<br \/>\nT\u00e9l.\u00a0: (+34)\u00a0976126616.<br \/>\nE-mail\u00a0: contabilidad@dyresel.com.<\/p>\n<p><strong>Dans quel but traitons-nous vos donn\u00e9es personnelles? <\/strong><\/p>\n<p>DYRESEL, S.L. traite les informations fournies par les int\u00e9ress\u00e9s afin d&rsquo;effectuer la gestion administrative, comptable et fiscale des services demand\u00e9s, ainsi que pour envoyer des communications commerciales sur nos produits et services. Si vous ne fournissez pas vos donn\u00e9es personnelles, nous ne serons pas en mesure de remplir les objectifs d\u00e9crits. Aucune d\u00e9cision automatis\u00e9e ne sera prise sur la base des donn\u00e9es fournies.<\/p>\n<p><strong>Combien de temps conserverons-nous vos donn\u00e9es? <\/strong><\/p>\n<p>Les donn\u00e9es seront conserv\u00e9es aussi longtemps que la personne concern\u00e9e ne demandera pas leur suppression et, le cas \u00e9ch\u00e9ant, pendant les ann\u00e9es n\u00e9cessaires au respect des obligations l\u00e9gales.<\/p>\n<p><strong>Quelle est la base juridique du traitement de vos donn\u00e9es? <\/strong><\/p>\n<p>Voici la base juridique du traitement de vos donn\u00e9es:<\/p>\n<p>Ex\u00e9cution d&rsquo;un contrat: pour assurer la gestion administrative, comptable et fiscale des services demand\u00e9s. Int\u00e9r\u00eat l\u00e9gitime du responsable : envoyer des communications commerciales par voie \u00e9lectronique sur nos produits et services.<\/p>\n<p><strong>\u00c0 quels destinataires vos donn\u00e9es seront-elles communiqu\u00e9es? <\/strong><\/p>\n<p>Les donn\u00e9es seront communiqu\u00e9es aux destinataires suivants:<\/p>\n<p>L&rsquo;administration fiscale, afin de se conformer aux obligations l\u00e9gales (exigence l\u00e9gale). Les organismes financiers, aux fins de l&rsquo;\u00e9mission des re\u00e7us correspondants (exigence contractuelle).<\/p>\n<p><strong>Transferts de donn\u00e9es vers des pays tiers. <\/strong><\/p>\n<p>Les transferts de donn\u00e9es vers des pays tiers suivants sont pr\u00e9vus:<\/p>\n<p>Microsoft Corporation, aux fins des services de courrier \u00e9lectronique et des applications de bureau. La garantie de ce transfert a \u00e9t\u00e9 \u00e9tablie par\u00a0: clauses types de protection des donn\u00e9es. Vous pouvez consulter des informations suppl\u00e9mentaires \u00e0 l&rsquo;adresse suivante\u00a0: https:\/\/privacy.microsoft.com\/es-es\/privacystatement.<\/p>\n<p><strong>Quels sont vos droits lorsque vous nous communiquez vos donn\u00e9es? <\/strong><\/p>\n<p>Toute personne a le droit d&rsquo;obtenir la confirmation que DYRESEL, S.L. traite ou non des donn\u00e9es personnelles la concernant. La personne concern\u00e9e a le droit d&rsquo;acc\u00e9der \u00e0 ses donn\u00e9es personnelles, ainsi que de demander la rectification des donn\u00e9es inexactes ou, le cas \u00e9ch\u00e9ant, de demander leur suppression lorsque, entre autres raisons, les donn\u00e9es ne sont plus n\u00e9cessaires aux fins pour lesquelles elles ont \u00e9t\u00e9 collect\u00e9es. Elle a \u00e9galement le droit \u00e0 la portabilit\u00e9 des donn\u00e9es. Dans certaines circonstances, la personne concern\u00e9e peut nous demander de limiter le traitement de leurs donn\u00e9es, auquel cas nous ne conserverons les donn\u00e9es que pour l&rsquo;exercice ou la d\u00e9fense de revendications. Dans certaines circonstances et pour des raisons tenant \u00e0 leur situation particuli\u00e8re, la personne concern\u00e9e peut s&rsquo;opposer au traitement de ses donn\u00e9es. Dans ce cas, DYRESEL, S.L. cessera de traiter ses donn\u00e9es, sauf pour des raisons l\u00e9gitimes imp\u00e9rieuses, ou l&rsquo;exercice ou la d\u00e9fense d&rsquo;\u00e9ventuelles r\u00e9clamations. Vous pouvez mat\u00e9riellement exercer vos droits de la mani\u00e8re suivante : en contactant l&rsquo;adresse du responsable du traitement contabilidad@dyresel.com. Lors de l&rsquo;envoi de communications commerciales ayant pour base juridique l&rsquo;int\u00e9r\u00eat l\u00e9gitime du responsable du traitement, la personne concern\u00e9e peut s&rsquo;opposer au traitement de ses donn\u00e9es \u00e0 cette fin. Si elle a donn\u00e9 son consentement pour une finalit\u00e9 sp\u00e9cifique, la personne concern\u00e9e a le droit de retirer le consentement donn\u00e9 \u00e0 tout moment, sans que cela n&rsquo;affecte la lic\u00e9it\u00e9 du traitement fond\u00e9 sur le consentement avant son retrait. Si elle estime que ses droits concernant la protection de ses donn\u00e9es personnelles ont \u00e9t\u00e9 viol\u00e9s, notamment lorsqu\u2019elle n&rsquo;a pas obtenu satisfaction dans l&rsquo;exercice de ses droits, la personne concern\u00e9e peut d\u00e9poser une plainte aupr\u00e8s de l&rsquo;autorit\u00e9 de contr\u00f4le de la protection des donn\u00e9es comp\u00e9tente via son site Web : www.aepd.es.<\/p>\n<p><strong>Comment obtenons-nous les donn\u00e9es? <\/strong><\/p>\n<p>Les donn\u00e9es personnelles que nous traitons \u00e0 DYRESEL, S.L. proviennent de : de la personne concern\u00e9e elle-m\u00eame et de sources publiques. Les cat\u00e9gories de donn\u00e9es trait\u00e9es sont:<\/p>\n<p>Donn\u00e9es d&rsquo;identification. Adresses postale et \u00e9lectronique. Informations commerciales.<\/p>\n<p>Des cat\u00e9gories particuli\u00e8res de donn\u00e9es \u00e0 caract\u00e8re personnel ne sont pas trait\u00e9es (donn\u00e9es r\u00e9v\u00e9lant l&rsquo;origine ethnique ou raciale, les opinions politiques, les convictions religieuses ou philosophiques, ou l&rsquo;appartenance syndicale, donn\u00e9es g\u00e9n\u00e9tiques, donn\u00e9es biom\u00e9triques visant \u00e0 identifier de mani\u00e8re unique une personne physique, donn\u00e9es relatives \u00e0 la sant\u00e9 ou donn\u00e9es relatives \u00e0 la vie sexuelle ou \u00e0 l&rsquo;orientation sexuelle d&rsquo;une personne physique).<\/p>\n<\/div><\/section><\/div>\n","protected":false},"excerpt":{"rendered":"","protected":false},"author":1,"featured_media":0,"parent":0,"menu_order":0,"comment_status":"closed","ping_status":"closed","template":"","meta":{"_acf_changed":false,"footnotes":""},"class_list":["post-2233","page","type-page","status-publish","hentry"],"acf":[],"_links":{"self":[{"href":"https:\/\/dyresel.com\/fr\/wp-json\/wp\/v2\/pages\/2233","targetHints":{"allow":["GET"]}}],"collection":[{"href":"https:\/\/dyresel.com\/fr\/wp-json\/wp\/v2\/pages"}],"about":[{"href":"https:\/\/dyresel.com\/fr\/wp-json\/wp\/v2\/types\/page"}],"author":[{"embeddable":true,"href":"https:\/\/dyresel.com\/fr\/wp-json\/wp\/v2\/users\/1"}],"replies":[{"embeddable":true,"href":"https:\/\/dyresel.com\/fr\/wp-json\/wp\/v2\/comments?post=2233"}],"version-history":[{"count":0,"href":"https:\/\/dyresel.com\/fr\/wp-json\/wp\/v2\/pages\/2233\/revisions"}],"wp:attachment":[{"href":"https:\/\/dyresel.com\/fr\/wp-json\/wp\/v2\/media?parent=2233"}],"curies":[{"name":"wp","href":"https:\/\/api.w.org\/{rel}","templated":true}]}}