{"id":2177,"date":"2021-10-14T10:57:43","date_gmt":"2021-10-14T10:57:43","guid":{"rendered":"https:\/\/dyresel.com\/sistemas-a-medida\/"},"modified":"2022-03-07T10:33:39","modified_gmt":"2022-03-07T10:33:39","slug":"systemes-sur-mesure","status":"publish","type":"page","link":"https:\/\/dyresel.com\/fr\/systemes-sur-mesure\/","title":{"rendered":"Syst\u00e8mes sur mesure"},"content":{"rendered":"\n<style type=\"text\/css\" data-created_by=\"avia_inline_auto\" id=\"style-css-av-kuz9ny4t-ac80151d8f902489a1e4ca8e55bb6984\">\n.avia-section.av-kuz9ny4t-ac80151d8f902489a1e4ca8e55bb6984{\nposition:relative;\n}\n.avia-section.av-kuz9ny4t-ac80151d8f902489a1e4ca8e55bb6984 .avia-divider-svg-bottom svg{\nheight:120px;\nfill:#f8f8f8;\n}\n<\/style>\n<div id='av_section_1'  class='avia-section av-kuz9ny4t-ac80151d8f902489a1e4ca8e55bb6984 main_color avia-section-default avia-no-border-styling  avia-builder-el-0  el_before_av_section  avia-builder-el-first  avia-bg-style-parallax container_wrap sidebar_right'  ><div class='avia-divider-svg avia-divider-svg-tilt avia-divider-svg-bottom avia-flipped-svg avia-svg-original'><svg xmlns=\"http:\/\/www.w3.org\/2000\/svg\" viewBox=\"0 0 1000 100\" preserveAspectRatio=\"none\">\n\t<path d=\"M0,6V0h1000v100L0,6z\"\/>\n<\/svg><\/div><div class='container av-section-cont-open' ><main  role=\"main\" itemprop=\"mainContentOfPage\"  class='template-page content  av-content-small alpha units'><div class='post-entry post-entry-type-page post-entry-2177'><div class='entry-content-wrapper clearfix'>\n<div  class='flex_column av-gfw0d-be94e90b39452fa9c0630ea4ef8057e1 av_one_full  avia-builder-el-1  avia-builder-el-no-sibling  first flex_column_div  '     ><section  class='av_textblock_section av-kuz9nko7-eed7d188f14cff5c818eb6baabab7204 '   itemscope=\"itemscope\" itemtype=\"https:\/\/schema.org\/CreativeWork\" ><div class='avia_textblock'  itemprop=\"text\" ><h1 class=\"categorias\">Syst\u00e8mes sur mesure<\/h1>\n<h2 class=\"normativas\">Cr\u00e9er le syst\u00e8me 100%<br \/>\nsur mesure pour vous<\/h2>\n<h4 class=\"normativas\">Nous allons au-del\u00e0 des solutions standard gr\u00e2ce \u00e0 des syst\u00e8mes enti\u00e8rement sur mesure. Nos ing\u00e9nieurs con\u00e7oivent, fabriquent et assemblent le syst\u00e8me qui s&rsquo;adapte \u00e0 vos besoins, en associant des connaissances sp\u00e9cialis\u00e9es \u00e0 des mat\u00e9riaux de qualit\u00e9 \u00e9prouv\u00e9s provenant de nos fournisseurs de confiance. Parce que votre v\u00e9hicule n&rsquo;est pas le m\u00eame que les autres, votre signal\u00e9tique ne l&rsquo;est pas non plus.<\/h4>\n<h4 class=\"normativas\"><strong>Personnalisez votre syst\u00e8me \u00e9lectrique et d&rsquo;\u00e9clairage <\/strong><\/h4>\n<\/div><\/section><br \/>\n<div  class='avia-button-wrap av-lv1h1-957d7e1f0e951f5d333181904dc8a9d4-wrap avia-button-left  avia-builder-el-3  el_after_av_textblock  avia-builder-el-last '>\n<style type=\"text\/css\" data-created_by=\"avia_inline_auto\" id=\"style-css-av-lv1h1-957d7e1f0e951f5d333181904dc8a9d4\">\n#top #wrap_all .avia-button.av-lv1h1-957d7e1f0e951f5d333181904dc8a9d4{\nbackground-color:#f8f8f8;\nborder-color:#cc233f;\ncolor:#555555;\nborder-style:solid;\nborder-width:2px 2px 2px 2px;\nborder-radius:30px 30px 30px 30px;\ntransition:all 0.4s ease-in-out;\n}\n#top #wrap_all .avia-button.av-lv1h1-957d7e1f0e951f5d333181904dc8a9d4:hover{\nbackground-color:#cc233f;\ncolor:#ffffff;\ntransition:all 0.4s ease-in-out;\n}\n#top #wrap_all.avia-button.av-lv1h1-957d7e1f0e951f5d333181904dc8a9d4:hover .avia_button_background{\nborder-radius:30px 30px 30px 30px;\n}\n#top #wrap_all .avia-button.av-lv1h1-957d7e1f0e951f5d333181904dc8a9d4 .avia-svg-icon svg:first-child{\nfill:#555555;\nstroke:#555555;\n}\n#top #wrap_all .avia-button.av-lv1h1-957d7e1f0e951f5d333181904dc8a9d4:hover .avia-svg-icon svg:first-child{\nfill:#ffffff;\nstroke:#ffffff;\n}\n<\/style>\n<a href='#contacto'  class='avia-button av-lv1h1-957d7e1f0e951f5d333181904dc8a9d4 av-link-btn avia-icon_select-no avia-size-large avia-position-left'   aria-label=\"Contactez-nous\"><span class='avia_iconbox_title' >Contactez-nous<\/span><\/a><\/div><\/p><\/div>\n\n<\/div><\/div><\/main><!-- close content main element --><\/div><\/div>\n<style type=\"text\/css\" data-created_by=\"avia_inline_auto\" id=\"style-css-av-13xnjh-1c4b96d666e6e735842498ae2af963de\">\n.avia-section.av-13xnjh-1c4b96d666e6e735842498ae2af963de{\nbackground-color:#f8f8f8;\nbackground-image:unset;\n}\n<\/style>\n<div id='av_section_2'  class='avia-section av-13xnjh-1c4b96d666e6e735842498ae2af963de main_color avia-section-default avia-no-border-styling  avia-builder-el-4  el_after_av_section  avia-builder-el-last  avia-bg-style-scroll container_wrap sidebar_right'  ><div class='container av-section-cont-open' ><div class='template-page content  av-content-small alpha units'><div class='post-entry post-entry-type-page post-entry-2177'><div class='entry-content-wrapper clearfix'>\n<div class='flex_column_table av-vuz19-01966e9ea2926af930ab7ee207759f05 sc-av_one_third av-equal-height-column-flextable'><div  class='flex_column av-vuz19-01966e9ea2926af930ab7ee207759f05 av_one_third  avia-builder-el-5  el_before_av_two_third  avia-builder-el-first  first no_margin flex_column_table_cell av-equal-height-column av-align-middle av-animated-generic fade-in  '     ><p>\n<style type=\"text\/css\" data-created_by=\"avia_inline_auto\" id=\"style-css-av-2vkj9-4f1ac3e6d255972a097e605d45f49195\">\n#top .hr.hr-invisible.av-2vkj9-4f1ac3e6d255972a097e605d45f49195{\nheight:30px;\n}\n<\/style>\n<div  class='hr av-2vkj9-4f1ac3e6d255972a097e605d45f49195 hr-invisible  avia-builder-el-6  el_before_av_textblock  avia-builder-el-first '><span class='hr-inner '><span class=\"hr-inner-style\"><\/span><\/span><\/div><br \/>\n<section  class='av_textblock_section av-jdq71-d9c3a679161e9efca041b7aa05884464 '   itemscope=\"itemscope\" itemtype=\"https:\/\/schema.org\/CreativeWork\" ><div class='avia_textblock'  itemprop=\"text\" ><h3 class=\"left_heading\">Personnalisez votre \u00e9clairage<\/h3>\n<h4 class=\"left_heading\"><strong>Nous concevons sur mesure<\/strong> le syst\u00e8me \u00e9lectrique de votre v\u00e9hicule.<\/h4>\n<\/div><\/section><br \/>\n<div  class='avia-button-wrap av-kx6cp54a-24789a973a2709f545ea3193ef5808fe-wrap avia-button-left  avia-builder-el-8  el_after_av_textblock  avia-builder-el-last '>\n<style type=\"text\/css\" data-created_by=\"avia_inline_auto\" id=\"style-css-av-kx6cp54a-24789a973a2709f545ea3193ef5808fe\">\n#top #wrap_all .avia-button.av-kx6cp54a-24789a973a2709f545ea3193ef5808fe{\nbackground-color:#f8f8f8;\nborder-color:#cc233f;\ncolor:#555555;\nborder-style:solid;\nborder-width:2px 2px 2px 2px;\nborder-radius:30px 30px 30px 30px;\ntransition:all 0.4s ease-in-out;\n}\n#top #wrap_all .avia-button.av-kx6cp54a-24789a973a2709f545ea3193ef5808fe:hover{\nbackground-color:#cc233f;\ncolor:#ffffff;\ntransition:all 0.4s ease-in-out;\n}\n#top #wrap_all.avia-button.av-kx6cp54a-24789a973a2709f545ea3193ef5808fe:hover .avia_button_background{\nborder-radius:30px 30px 30px 30px;\n}\n#top #wrap_all .avia-button.av-kx6cp54a-24789a973a2709f545ea3193ef5808fe .avia-svg-icon svg:first-child{\nfill:#555555;\nstroke:#555555;\n}\n#top #wrap_all .avia-button.av-kx6cp54a-24789a973a2709f545ea3193ef5808fe:hover .avia-svg-icon svg:first-child{\nfill:#ffffff;\nstroke:#ffffff;\n}\n<\/style>\n<a href='#'  class='avia-button av-kx6cp54a-24789a973a2709f545ea3193ef5808fe av-link-btn avia-icon_select-no avia-size-large avia-position-left'   aria-label=\"Essayez le configurateur (bient\u00f4t disponible)\"><span class='avia_iconbox_title' >Essayez le configurateur (bient\u00f4t disponible)<\/span><\/a><\/div><\/p><\/div><div  class='flex_column av-dsm85-426c26a655e0fb3d3f0252398d6341f7 av_two_third  avia-builder-el-9  el_after_av_one_third  avia-builder-el-last  no_margin flex_column_table_cell av-equal-height-column av-align-middle av-animated-generic fade-in  '     ><section  class='av_textblock_section av-7mjml-51cc9600aac214e27b0b841f033f1af6 '   itemscope=\"itemscope\" itemtype=\"https:\/\/schema.org\/CreativeWork\" ><div class='avia_textblock'  itemprop=\"text\" ><p><img loading=\"lazy\" decoding=\"async\" class=\"alignnone wp-image-964 size-full\" src=\"https:\/\/dyresel.com\/wp-content\/uploads\/2021\/12\/Dyresel-banner-personalizacion-sistemas-electricos-vehiculos.jpg\" alt=\"\" width=\"1181\" height=\"750\" srcset=\"https:\/\/dyresel.com\/wp-content\/uploads\/2021\/12\/Dyresel-banner-personalizacion-sistemas-electricos-vehiculos.jpg 1181w, https:\/\/dyresel.com\/wp-content\/uploads\/2021\/12\/Dyresel-banner-personalizacion-sistemas-electricos-vehiculos-600x381.jpg 600w, https:\/\/dyresel.com\/wp-content\/uploads\/2021\/12\/Dyresel-banner-personalizacion-sistemas-electricos-vehiculos-300x191.jpg 300w, https:\/\/dyresel.com\/wp-content\/uploads\/2021\/12\/Dyresel-banner-personalizacion-sistemas-electricos-vehiculos-1030x654.jpg 1030w, https:\/\/dyresel.com\/wp-content\/uploads\/2021\/12\/Dyresel-banner-personalizacion-sistemas-electricos-vehiculos-768x488.jpg 768w, https:\/\/dyresel.com\/wp-content\/uploads\/2021\/12\/Dyresel-banner-personalizacion-sistemas-electricos-vehiculos-705x448.jpg 705w\" sizes=\"auto, (max-width: 1181px) 100vw, 1181px\" \/><\/p>\n<\/div><\/section><\/div><\/div><!--close column table wrapper. Autoclose: 1 --><\/div><\/div><\/div><!-- close content main div --><\/div><\/div><div id='after_section_2'  class='main_color av_default_container_wrap container_wrap sidebar_right'  ><div class='container av-section-cont-open' ><div class='template-page content  av-content-small alpha units'><div class='post-entry post-entry-type-page post-entry-2177'><div class='entry-content-wrapper clearfix'>\n","protected":false},"excerpt":{"rendered":"","protected":false},"author":1,"featured_media":1959,"parent":0,"menu_order":0,"comment_status":"closed","ping_status":"closed","template":"","meta":{"_acf_changed":false,"footnotes":""},"class_list":["post-2177","page","type-page","status-publish","has-post-thumbnail","hentry"],"acf":[],"_links":{"self":[{"href":"https:\/\/dyresel.com\/fr\/wp-json\/wp\/v2\/pages\/2177","targetHints":{"allow":["GET"]}}],"collection":[{"href":"https:\/\/dyresel.com\/fr\/wp-json\/wp\/v2\/pages"}],"about":[{"href":"https:\/\/dyresel.com\/fr\/wp-json\/wp\/v2\/types\/page"}],"author":[{"embeddable":true,"href":"https:\/\/dyresel.com\/fr\/wp-json\/wp\/v2\/users\/1"}],"replies":[{"embeddable":true,"href":"https:\/\/dyresel.com\/fr\/wp-json\/wp\/v2\/comments?post=2177"}],"version-history":[{"count":0,"href":"https:\/\/dyresel.com\/fr\/wp-json\/wp\/v2\/pages\/2177\/revisions"}],"wp:featuredmedia":[{"embeddable":true,"href":"https:\/\/dyresel.com\/fr\/wp-json\/wp\/v2\/media\/1959"}],"wp:attachment":[{"href":"https:\/\/dyresel.com\/fr\/wp-json\/wp\/v2\/media?parent=2177"}],"curies":[{"name":"wp","href":"https:\/\/api.w.org\/{rel}","templated":true}]}}