{"id":2175,"date":"2021-10-14T10:57:51","date_gmt":"2021-10-14T10:57:51","guid":{"rendered":"https:\/\/dyresel.com\/noticias\/"},"modified":"2022-03-07T10:57:03","modified_gmt":"2022-03-07T10:57:03","slug":"actualites","status":"publish","type":"page","link":"https:\/\/dyresel.com\/fr\/actualites\/","title":{"rendered":"Actualit\u00e9s"},"content":{"rendered":"\n<style type=\"text\/css\" data-created_by=\"avia_inline_auto\" id=\"style-css-av-ja8fb-6eaea7e5340bb830231d25e2836ce7b3\">\n.flex_column.av-ja8fb-6eaea7e5340bb830231d25e2836ce7b3{\npadding:0 30px 0 0;\n}\n<\/style>\n<div  id=\"entradas-del-blog\"  class='flex_column av-ja8fb-6eaea7e5340bb830231d25e2836ce7b3 av_three_fourth  avia-builder-el-0  el_before_av_one_fourth  avia-builder-el-first  first flex_column_div  '     ><div  class='av-alb-blogposts template-blog  '  itemscope=\"itemscope\" itemtype=\"https:\/\/schema.org\/Blog\" ><article class=\"post-entry post-entry-type-standard post-entry-2680 post-loop-1 post-parity-odd single-big with-slider post-2680 post type-post status-publish format-standard has-post-thumbnail hentry category-actualites\"  itemscope=\"itemscope\" itemtype=\"https:\/\/schema.org\/BlogPosting\" ><div class=\"big-preview single-big\"  itemprop=\"image\" itemscope=\"itemscope\" itemtype=\"https:\/\/schema.org\/ImageObject\" ><a href=\"https:\/\/dyresel.com\/fr\/seguridad-para-movilidad-electrica\/\" title=\"Dyresel-seguridad-bus-noticia\"><img decoding=\"async\" loading=\"lazy\" width=\"845\" height=\"321\" src=\"https:\/\/dyresel.com\/wp-content\/uploads\/2022\/03\/Dyresel-seguridad-bus-noticia-845x321.jpg\" class=\"wp-image-2667 avia-img-lazy-loading-2667 attachment-entry_with_sidebar size-entry_with_sidebar wp-post-image\" alt=\"\" \/><\/a><\/div><div class=\"blog-meta\"><\/div><div class='entry-content-wrapper clearfix standard-content'><header class=\"entry-content-header\" aria-label=\"Articles : Impulsamos la seguridad de la movilidad el\u00e9ctrica\"><h2 class='post-title entry-title '  itemprop=\"headline\" ><a href=\"https:\/\/dyresel.com\/fr\/seguridad-para-movilidad-electrica\/\" rel=\"bookmark\" title=\"Lien permanent : Impulsamos la seguridad de la movilidad el\u00e9ctrica\">Impulsamos la seguridad de la movilidad el\u00e9ctrica<span class=\"post-format-icon minor-meta\"><\/span><\/a><\/h2><span class=\"post-meta-infos\"><time class=\"date-container minor-meta updated\"  itemprop=\"datePublished\" datetime=\"2022-03-22T11:44:34+01:00\" >22 de mars de 2022<\/time><span class=\"text-sep\">\/<\/span><span class=\"blog-categories minor-meta\">dans <a href=\"https:\/\/dyresel.com\/fr\/category\/actualites\/\" rel=\"tag\">Actualit\u00e9s<\/a><\/span><span class=\"text-sep\">\/<\/span><span class=\"blog-author minor-meta\">par <span class=\"entry-author-link\"  itemprop=\"author\" ><span class=\"author\"><span class=\"fn\"><a href=\"https:\/\/dyresel.com\/fr\/author\/cliente\/\" title=\"Articles par Dyresel\" rel=\"author\">Dyresel<\/a><\/span><\/span><\/span><\/span><\/span><\/header><div class=\"entry-content\"  itemprop=\"text\" ><p>El futuro el\u00e9ctrico ya es presente. Una forma de movilidad cada vez m\u00e1s extendida que, adem\u00e1s de las innumerables ventajas que ofrece, tambi\u00e9n plantea numerosos retos. Por eso damos respuesta a las necesidades de los veh\u00edculos el\u00e9ctricos urbanos con soluciones innovadoras que cumplen con todas las normativas de seguridad. Contamos con lo \u00faltimo en tecnolog\u00eda [&hellip;]<\/p>\n<div class=\"read-more-link\"><a href=\"https:\/\/dyresel.com\/fr\/seguridad-para-movilidad-electrica\/\" class=\"more-link\">Lire la suite<span class='more-link-arrow avia-svg-icon avia-font-svg_entypo-fontello' data-av_svg_icon='right-open-big' data-av_iconset='svg_entypo-fontello'><svg version=\"1.1\" xmlns=\"http:\/\/www.w3.org\/2000\/svg\" width=\"15\" height=\"32\" viewBox=\"0 0 15 32\" preserveAspectRatio=\"xMidYMid meet\" role=\"graphics-symbol\" aria-hidden=\"true\">\n<path d=\"M0.416 27.84l11.456-11.84-11.456-11.904q-0.832-0.832 0-1.536 0.832-0.832 1.536 0l12.544 12.608q0.768 0.832 0 1.6l-12.544 12.608q-0.704 0.832-1.536 0-0.832-0.704 0-1.536z\"><\/path>\n<\/svg><\/span><\/a><\/div>\n<\/div><footer class=\"entry-footer\"><\/footer><div class='post_delimiter'><\/div><\/div><div class=\"post_author_timeline\"><\/div><span class='hidden'>\n\t\t\t\t<span class='av-structured-data'  itemprop=\"image\" itemscope=\"itemscope\" itemtype=\"https:\/\/schema.org\/ImageObject\" >\n\t\t\t\t\t\t<span itemprop='url'>https:\/\/dyresel.com\/wp-content\/uploads\/2022\/03\/Dyresel-seguridad-bus-noticia.jpg<\/span>\n\t\t\t\t\t\t<span itemprop='height'>451<\/span>\n\t\t\t\t\t\t<span itemprop='width'>900<\/span>\n\t\t\t\t<\/span>\n\t\t\t\t<span class='av-structured-data'  itemprop=\"publisher\" itemtype=\"https:\/\/schema.org\/Organization\" itemscope=\"itemscope\" >\n\t\t\t\t\t\t<span itemprop='name'>Dyresel<\/span>\n\t\t\t\t\t\t<span itemprop='logo' itemscope itemtype='https:\/\/schema.org\/ImageObject'>\n\t\t\t\t\t\t\t<span itemprop='url'>https:\/\/dyresel.com\/wp-content\/uploads\/2024\/07\/Versionlogo_isotipo_hor.svg<\/span>\n\t\t\t\t\t\t<\/span>\n\t\t\t\t<\/span><span class='av-structured-data'  itemprop=\"author\" itemscope=\"itemscope\" itemtype=\"https:\/\/schema.org\/Person\" ><span itemprop='name'>Dyresel<\/span><\/span><span class='av-structured-data'  itemprop=\"datePublished\" datetime=\"2022-03-22T11:44:34+01:00\" >2022-03-22 11:44:34<\/span><span class='av-structured-data'  itemprop=\"dateModified\" itemtype=\"https:\/\/schema.org\/dateModified\" >2023-12-27 12:35:03<\/span><span class='av-structured-data'  itemprop=\"mainEntityOfPage\" itemtype=\"https:\/\/schema.org\/mainEntityOfPage\" ><span itemprop='name'>Impulsamos la seguridad de la movilidad el\u00e9ctrica<\/span><\/span><\/span><\/article><article class=\"post-entry post-entry-type-standard post-entry-2682 post-loop-2 post-parity-even single-big with-slider post-2682 post type-post status-publish format-standard has-post-thumbnail hentry category-actualites tag-faycom-fr tag-motortec-fr\"  itemscope=\"itemscope\" itemtype=\"https:\/\/schema.org\/BlogPosting\" ><div class=\"big-preview single-big\"  itemprop=\"image\" itemscope=\"itemscope\" itemtype=\"https:\/\/schema.org\/ImageObject\" ><a href=\"https:\/\/dyresel.com\/fr\/te-esperamos-en-motortec-2022\/\" title=\"Dyresel-Motortec-noticia-900px\"><img decoding=\"async\" loading=\"lazy\" width=\"845\" height=\"321\" src=\"https:\/\/dyresel.com\/wp-content\/uploads\/2022\/03\/Dyresel-Motortec-noticia-900px-845x321.jpg\" class=\"wp-image-2587 avia-img-lazy-loading-2587 attachment-entry_with_sidebar size-entry_with_sidebar wp-post-image\" alt=\"\" \/><\/a><\/div><div class=\"blog-meta\"><\/div><div class='entry-content-wrapper clearfix standard-content'><header class=\"entry-content-header\" aria-label=\"Articles : Te esperamos en Motortec 2022\"><h2 class='post-title entry-title '  itemprop=\"headline\" ><a href=\"https:\/\/dyresel.com\/fr\/te-esperamos-en-motortec-2022\/\" rel=\"bookmark\" title=\"Lien permanent : Te esperamos en Motortec 2022\">Te esperamos en Motortec 2022<span class=\"post-format-icon minor-meta\"><\/span><\/a><\/h2><span class=\"post-meta-infos\"><time class=\"date-container minor-meta updated\"  itemprop=\"datePublished\" datetime=\"2022-03-11T12:24:52+01:00\" >11 de mars de 2022<\/time><span class=\"text-sep\">\/<\/span><span class=\"blog-categories minor-meta\">dans <a href=\"https:\/\/dyresel.com\/fr\/category\/actualites\/\" rel=\"tag\">Actualit\u00e9s<\/a><\/span><span class=\"text-sep\">\/<\/span><span class=\"blog-author minor-meta\">par <span class=\"entry-author-link\"  itemprop=\"author\" ><span class=\"author\"><span class=\"fn\"><a href=\"https:\/\/dyresel.com\/fr\/author\/cliente\/\" title=\"Articles par Dyresel\" rel=\"author\">Dyresel<\/a><\/span><\/span><\/span><\/span><\/span><\/header><div class=\"entry-content\"  itemprop=\"text\" ><p>Visita nuestro stand del 20 al 23 de abril en Madrid Hemos formado un buen equipo para Motortec 2022. Estaremos presentes en el gran evento de la industria y postventa de la automoci\u00f3n junto a Faycom. En nuestro stand conjunto podr\u00e1s conocer nuestras soluciones en sistemas el\u00e9ctricos y de iluminaci\u00f3n para veh\u00edculos industriales de nueva [&hellip;]<\/p>\n<div class=\"read-more-link\"><a href=\"https:\/\/dyresel.com\/fr\/te-esperamos-en-motortec-2022\/\" class=\"more-link\">Lire la suite<span class='more-link-arrow avia-svg-icon avia-font-svg_entypo-fontello' data-av_svg_icon='right-open-big' data-av_iconset='svg_entypo-fontello'><svg version=\"1.1\" xmlns=\"http:\/\/www.w3.org\/2000\/svg\" width=\"15\" height=\"32\" viewBox=\"0 0 15 32\" preserveAspectRatio=\"xMidYMid meet\" role=\"graphics-symbol\" aria-hidden=\"true\">\n<path d=\"M0.416 27.84l11.456-11.84-11.456-11.904q-0.832-0.832 0-1.536 0.832-0.832 1.536 0l12.544 12.608q0.768 0.832 0 1.6l-12.544 12.608q-0.704 0.832-1.536 0-0.832-0.704 0-1.536z\"><\/path>\n<\/svg><\/span><\/a><\/div>\n<\/div><footer class=\"entry-footer\"><\/footer><div class='post_delimiter'><\/div><\/div><div class=\"post_author_timeline\"><\/div><span class='hidden'>\n\t\t\t\t<span class='av-structured-data'  itemprop=\"image\" itemscope=\"itemscope\" itemtype=\"https:\/\/schema.org\/ImageObject\" >\n\t\t\t\t\t\t<span itemprop='url'>https:\/\/dyresel.com\/wp-content\/uploads\/2022\/03\/Dyresel-Motortec-noticia-900px.jpg<\/span>\n\t\t\t\t\t\t<span itemprop='height'>451<\/span>\n\t\t\t\t\t\t<span itemprop='width'>900<\/span>\n\t\t\t\t<\/span>\n\t\t\t\t<span class='av-structured-data'  itemprop=\"publisher\" itemtype=\"https:\/\/schema.org\/Organization\" itemscope=\"itemscope\" >\n\t\t\t\t\t\t<span itemprop='name'>Dyresel<\/span>\n\t\t\t\t\t\t<span itemprop='logo' itemscope itemtype='https:\/\/schema.org\/ImageObject'>\n\t\t\t\t\t\t\t<span itemprop='url'>https:\/\/dyresel.com\/wp-content\/uploads\/2024\/07\/Versionlogo_isotipo_hor.svg<\/span>\n\t\t\t\t\t\t<\/span>\n\t\t\t\t<\/span><span class='av-structured-data'  itemprop=\"author\" itemscope=\"itemscope\" itemtype=\"https:\/\/schema.org\/Person\" ><span itemprop='name'>Dyresel<\/span><\/span><span class='av-structured-data'  itemprop=\"datePublished\" datetime=\"2022-03-11T12:24:52+01:00\" >2022-03-11 12:24:52<\/span><span class='av-structured-data'  itemprop=\"dateModified\" itemtype=\"https:\/\/schema.org\/dateModified\" >2023-12-27 12:35:07<\/span><span class='av-structured-data'  itemprop=\"mainEntityOfPage\" itemtype=\"https:\/\/schema.org\/mainEntityOfPage\" ><span itemprop='name'>Te esperamos en Motortec 2022<\/span><\/span><\/span><\/article><article class=\"post-entry post-entry-type-standard post-entry-2137 post-loop-3 post-parity-odd post-entry-last single-big with-slider post-2137 post type-post status-publish format-standard has-post-thumbnail hentry category-corporative tag-corporativo-fr tag-marca-fr\"  itemscope=\"itemscope\" itemtype=\"https:\/\/schema.org\/BlogPosting\" ><div class=\"big-preview single-big\"  itemprop=\"image\" itemscope=\"itemscope\" itemtype=\"https:\/\/schema.org\/ImageObject\" ><a href=\"https:\/\/dyresel.com\/fr\/un-nouveau-dyresel-est-en-mouvement\/\" title=\"Dyresel-autobus-HOME-mbl-cntr-1920-1280\"><img decoding=\"async\" loading=\"lazy\" width=\"845\" height=\"321\" src=\"https:\/\/dyresel.com\/wp-content\/uploads\/2022\/01\/Dyresel-autobus-HOME-mbl-cntr-1920-1280-845x321.jpg\" class=\"wp-image-2109 avia-img-lazy-loading-2109 attachment-entry_with_sidebar size-entry_with_sidebar wp-post-image\" alt=\"\" \/><\/a><\/div><div class=\"blog-meta\"><\/div><div class='entry-content-wrapper clearfix standard-content'><header class=\"entry-content-header\" aria-label=\"Articles : Un nouveau Dyresel est en mouvement\"><h2 class='post-title entry-title '  itemprop=\"headline\" ><a href=\"https:\/\/dyresel.com\/fr\/un-nouveau-dyresel-est-en-mouvement\/\" rel=\"bookmark\" title=\"Lien permanent : Un nouveau Dyresel est en mouvement\">Un nouveau Dyresel est en mouvement<span class=\"post-format-icon minor-meta\"><\/span><\/a><\/h2><span class=\"post-meta-infos\"><time class=\"date-container minor-meta updated\"  itemprop=\"datePublished\" datetime=\"2022-01-31T13:53:14+01:00\" >31 de janvier de 2022<\/time><span class=\"text-sep\">\/<\/span><span class=\"blog-categories minor-meta\">dans <a href=\"https:\/\/dyresel.com\/fr\/category\/corporative\/\" rel=\"tag\">Corporative<\/a><\/span><span class=\"text-sep\">\/<\/span><span class=\"blog-author minor-meta\">par <span class=\"entry-author-link\"  itemprop=\"author\" ><span class=\"author\"><span class=\"fn\"><a href=\"https:\/\/dyresel.com\/fr\/author\/cliente\/\" title=\"Articles par Dyresel\" rel=\"author\">Dyresel<\/a><\/span><\/span><\/span><\/span><\/span><\/header><div class=\"entry-content\"  itemprop=\"text\" ><p>Estrenamos nueva imagen y comunicaci\u00f3n que transmiten mejor nuestro signo diferencial. Somos se\u00f1al de calidad y queremos demostr\u00e1rtelo.<\/p>\n<div class=\"read-more-link\"><a href=\"https:\/\/dyresel.com\/fr\/un-nouveau-dyresel-est-en-mouvement\/\" class=\"more-link\">Lire la suite<span class='more-link-arrow avia-svg-icon avia-font-svg_entypo-fontello' data-av_svg_icon='right-open-big' data-av_iconset='svg_entypo-fontello'><svg version=\"1.1\" xmlns=\"http:\/\/www.w3.org\/2000\/svg\" width=\"15\" height=\"32\" viewBox=\"0 0 15 32\" preserveAspectRatio=\"xMidYMid meet\" role=\"graphics-symbol\" aria-hidden=\"true\">\n<path d=\"M0.416 27.84l11.456-11.84-11.456-11.904q-0.832-0.832 0-1.536 0.832-0.832 1.536 0l12.544 12.608q0.768 0.832 0 1.6l-12.544 12.608q-0.704 0.832-1.536 0-0.832-0.704 0-1.536z\"><\/path>\n<\/svg><\/span><\/a><\/div>\n<\/div><footer class=\"entry-footer\"><\/footer><div class='post_delimiter'><\/div><\/div><div class=\"post_author_timeline\"><\/div><span class='hidden'>\n\t\t\t\t<span class='av-structured-data'  itemprop=\"image\" itemscope=\"itemscope\" itemtype=\"https:\/\/schema.org\/ImageObject\" >\n\t\t\t\t\t\t<span itemprop='url'>https:\/\/dyresel.com\/wp-content\/uploads\/2022\/01\/Dyresel-autobus-HOME-mbl-cntr-1920-1280.jpg<\/span>\n\t\t\t\t\t\t<span itemprop='height'>1280<\/span>\n\t\t\t\t\t\t<span itemprop='width'>1920<\/span>\n\t\t\t\t<\/span>\n\t\t\t\t<span class='av-structured-data'  itemprop=\"publisher\" itemtype=\"https:\/\/schema.org\/Organization\" itemscope=\"itemscope\" >\n\t\t\t\t\t\t<span itemprop='name'>Dyresel<\/span>\n\t\t\t\t\t\t<span itemprop='logo' itemscope itemtype='https:\/\/schema.org\/ImageObject'>\n\t\t\t\t\t\t\t<span itemprop='url'>https:\/\/dyresel.com\/wp-content\/uploads\/2024\/07\/Versionlogo_isotipo_hor.svg<\/span>\n\t\t\t\t\t\t<\/span>\n\t\t\t\t<\/span><span class='av-structured-data'  itemprop=\"author\" itemscope=\"itemscope\" itemtype=\"https:\/\/schema.org\/Person\" ><span itemprop='name'>Dyresel<\/span><\/span><span class='av-structured-data'  itemprop=\"datePublished\" datetime=\"2022-01-31T13:53:14+01:00\" >2022-01-31 13:53:14<\/span><span class='av-structured-data'  itemprop=\"dateModified\" itemtype=\"https:\/\/schema.org\/dateModified\" >2022-03-11 12:34:22<\/span><span class='av-structured-data'  itemprop=\"mainEntityOfPage\" itemtype=\"https:\/\/schema.org\/mainEntityOfPage\" ><span itemprop='name'>Un nouveau Dyresel est en mouvement<\/span><\/span><\/span><\/article><div class='single-big'><\/div><\/div><\/div>\n<div  class='flex_column av-gwst3-28fbc7510b884c54698f9b9e55b0246d av_one_fourth flex_column_div  '     ><div  class='avia-builder-widget-area clearfix '><section id=\"newsbox-2\" class=\"widget clearfix avia-widget-container newsbox\"><h3 class=\"widgettitle\">Derni\u00e8res nouvelles<\/h3><ul class=\"news-wrap image_size_widget\"><li class=\"news-content post-format-standard\"><div class=\"news-link\"><a class=\"news-thumb \" title=\"Lire : Impulsamos la seguridad de la movilidad el\u00e9ctrica\" href=\"https:\/\/dyresel.com\/fr\/seguridad-para-movilidad-electrica\/\"><img decoding=\"async\" loading=\"lazy\" width=\"36\" height=\"36\" src=\"https:\/\/dyresel.com\/wp-content\/uploads\/2022\/03\/Dyresel-seguridad-bus-noticia-36x36.jpg\" class=\"wp-image-2667 avia-img-lazy-loading-2667 attachment-widget size-widget wp-post-image\" alt=\"\" srcset=\"https:\/\/dyresel.com\/wp-content\/uploads\/2022\/03\/Dyresel-seguridad-bus-noticia-36x36.jpg 36w, https:\/\/dyresel.com\/wp-content\/uploads\/2022\/03\/Dyresel-seguridad-bus-noticia-300x300.jpg 300w, https:\/\/dyresel.com\/wp-content\/uploads\/2022\/03\/Dyresel-seguridad-bus-noticia-100x100.jpg 100w, https:\/\/dyresel.com\/wp-content\/uploads\/2022\/03\/Dyresel-seguridad-bus-noticia-80x80.jpg 80w, https:\/\/dyresel.com\/wp-content\/uploads\/2022\/03\/Dyresel-seguridad-bus-noticia-180x180.jpg 180w\" sizes=\"auto, (max-width: 36px) 100vw, 36px\" \/><\/a><div class=\"news-headline\"><a class=\"news-title\" title=\"Lire : Impulsamos la seguridad de la movilidad el\u00e9ctrica\" href=\"https:\/\/dyresel.com\/fr\/seguridad-para-movilidad-electrica\/\">Impulsamos la seguridad de la movilidad el\u00e9ctrica<\/a><span class=\"news-time\">22 de mars de 2022 - 11:44<\/span><\/div><\/div><\/li><li class=\"news-content post-format-standard\"><div class=\"news-link\"><a class=\"news-thumb \" title=\"Lire : Te esperamos en Motortec 2022\" href=\"https:\/\/dyresel.com\/fr\/te-esperamos-en-motortec-2022\/\"><img decoding=\"async\" loading=\"lazy\" width=\"36\" height=\"36\" src=\"https:\/\/dyresel.com\/wp-content\/uploads\/2022\/03\/Dyresel-Motortec-noticia-900px-36x36.jpg\" class=\"wp-image-2587 avia-img-lazy-loading-2587 attachment-widget size-widget wp-post-image\" alt=\"\" srcset=\"https:\/\/dyresel.com\/wp-content\/uploads\/2022\/03\/Dyresel-Motortec-noticia-900px-36x36.jpg 36w, https:\/\/dyresel.com\/wp-content\/uploads\/2022\/03\/Dyresel-Motortec-noticia-900px-300x300.jpg 300w, https:\/\/dyresel.com\/wp-content\/uploads\/2022\/03\/Dyresel-Motortec-noticia-900px-100x100.jpg 100w, https:\/\/dyresel.com\/wp-content\/uploads\/2022\/03\/Dyresel-Motortec-noticia-900px-80x80.jpg 80w, https:\/\/dyresel.com\/wp-content\/uploads\/2022\/03\/Dyresel-Motortec-noticia-900px-180x180.jpg 180w\" sizes=\"auto, (max-width: 36px) 100vw, 36px\" \/><\/a><div class=\"news-headline\"><a class=\"news-title\" title=\"Lire : Te esperamos en Motortec 2022\" href=\"https:\/\/dyresel.com\/fr\/te-esperamos-en-motortec-2022\/\">Te esperamos en Motortec 2022<\/a><span class=\"news-time\">11 de mars de 2022 - 12:24<\/span><\/div><\/div><\/li><li class=\"news-content post-format-standard\"><div class=\"news-link\"><a class=\"news-thumb \" title=\"Lire : Un nouveau Dyresel est en mouvement\" href=\"https:\/\/dyresel.com\/fr\/un-nouveau-dyresel-est-en-mouvement\/\"><img decoding=\"async\" loading=\"lazy\" width=\"36\" height=\"36\" src=\"https:\/\/dyresel.com\/wp-content\/uploads\/2022\/01\/Dyresel-autobus-HOME-mbl-cntr-1920-1280-36x36.jpg\" class=\"wp-image-2109 avia-img-lazy-loading-2109 attachment-widget size-widget wp-post-image\" alt=\"\" srcset=\"https:\/\/dyresel.com\/wp-content\/uploads\/2022\/01\/Dyresel-autobus-HOME-mbl-cntr-1920-1280-36x36.jpg 36w, https:\/\/dyresel.com\/wp-content\/uploads\/2022\/01\/Dyresel-autobus-HOME-mbl-cntr-1920-1280-300x300.jpg 300w, https:\/\/dyresel.com\/wp-content\/uploads\/2022\/01\/Dyresel-autobus-HOME-mbl-cntr-1920-1280-100x100.jpg 100w, https:\/\/dyresel.com\/wp-content\/uploads\/2022\/01\/Dyresel-autobus-HOME-mbl-cntr-1920-1280-80x80.jpg 80w, https:\/\/dyresel.com\/wp-content\/uploads\/2022\/01\/Dyresel-autobus-HOME-mbl-cntr-1920-1280-180x180.jpg 180w\" sizes=\"auto, (max-width: 36px) 100vw, 36px\" \/><\/a><div class=\"news-headline\"><a class=\"news-title\" title=\"Lire : Un nouveau Dyresel est en mouvement\" href=\"https:\/\/dyresel.com\/fr\/un-nouveau-dyresel-est-en-mouvement\/\">Un nouveau Dyresel est en mouvement<\/a><span class=\"news-time\">31 de janvier de 2022 - 13:53<\/span><\/div><\/div><\/li><\/ul><span class=\"seperator extralight-border\"><\/span><\/section><\/div><\/div>\n","protected":false},"excerpt":{"rendered":"","protected":false},"author":1,"featured_media":0,"parent":0,"menu_order":0,"comment_status":"closed","ping_status":"closed","template":"","meta":{"_acf_changed":false,"footnotes":""},"class_list":["post-2175","page","type-page","status-publish","hentry"],"acf":[],"_links":{"self":[{"href":"https:\/\/dyresel.com\/fr\/wp-json\/wp\/v2\/pages\/2175","targetHints":{"allow":["GET"]}}],"collection":[{"href":"https:\/\/dyresel.com\/fr\/wp-json\/wp\/v2\/pages"}],"about":[{"href":"https:\/\/dyresel.com\/fr\/wp-json\/wp\/v2\/types\/page"}],"author":[{"embeddable":true,"href":"https:\/\/dyresel.com\/fr\/wp-json\/wp\/v2\/users\/1"}],"replies":[{"embeddable":true,"href":"https:\/\/dyresel.com\/fr\/wp-json\/wp\/v2\/comments?post=2175"}],"version-history":[{"count":0,"href":"https:\/\/dyresel.com\/fr\/wp-json\/wp\/v2\/pages\/2175\/revisions"}],"wp:attachment":[{"href":"https:\/\/dyresel.com\/fr\/wp-json\/wp\/v2\/media?parent=2175"}],"curies":[{"name":"wp","href":"https:\/\/api.w.org\/{rel}","templated":true}]}}