{"id":2151,"date":"2022-01-17T09:06:21","date_gmt":"2022-01-17T09:06:21","guid":{"rendered":"https:\/\/dyresel.com\/politica-de-cookies\/"},"modified":"2022-03-07T11:25:43","modified_gmt":"2022-03-07T11:25:43","slug":"politique-de-cookies","status":"publish","type":"page","link":"https:\/\/dyresel.com\/fr\/politique-de-cookies\/","title":{"rendered":"Politique de cookies"},"content":{"rendered":"<section  class='av_textblock_section av-l0gm22s8-2875f5f7e7d0341115a8cc081b407931 '   itemscope=\"itemscope\" itemtype=\"https:\/\/schema.org\/CreativeWork\" ><div class='avia_textblock'  itemprop=\"text\" ><p class=\"p1\"><strong><span class=\"s1\">INFORMATIONS RELATIVES AUX COOKIES<\/span><\/strong><\/p>\n<p>En raison de l&rsquo;entr\u00e9e en vigueur de la modification de la \u00ab\u00a0Loi sur les services de la soci\u00e9t\u00e9 de l&rsquo;information\u00a0\u00bb (LSSICE) \u00e9tablie par le d\u00e9cret royal\u00a013\/2012, il est obligatoire d&rsquo;obtenir le consentement expr\u00e8s de l&rsquo;utilisateur de tous les sites Web qui utilisent des cookies avant de les parcourir.<\/p>\n<p><strong>QUE SONT LES COOKIES? <\/strong><\/p>\n<p>Les cookies et autres technologies similaires, comme les objets locaux partag\u00e9s, les cookies flash ou les pixels, sont des outils utilis\u00e9s par les serveurs Web pour stocker et r\u00e9cup\u00e9rer des informations sur leurs visiteurs, ainsi que pour assurer un fonctionnement correct du site.<\/p>\n<p>Nous utilisons nos propres cookies et ceux de tiers pour am\u00e9liorer nos services, personnaliser notre site Web, faciliter la navigation de nos utilisateurs, vous offrir une meilleure exp\u00e9rience lors de l&rsquo;utilisation du site Web, identifier les probl\u00e8mes afin de l&rsquo;am\u00e9liorer, effectuer des mesures et des statistiques d&rsquo;utilisation et vous montrer des publicit\u00e9s li\u00e9es \u00e0 vos pr\u00e9f\u00e9rences en analysant l&rsquo;utilisation du site Web.<\/p>\n<p><strong>Consentement<\/strong><\/p>\n<p>Nous vous informons que nous pouvons utiliser des cookies sur votre ordinateur \u00e0 condition que vous ayez donn\u00e9 votre consentement, sauf dans les cas o\u00f9 les cookies sont n\u00e9cessaires \u00e0 la navigation sur notre site Web. Si vous avez donn\u00e9 votre consentement, nous pouvons utiliser des cookies pour nous permettre d&rsquo;en savoir plus sur vos pr\u00e9f\u00e9rences et de personnaliser notre site Web en fonction de vos int\u00e9r\u00eats individuels.<\/p>\n<p>En fonction de leur dur\u00e9e, les cookies peuvent \u00eatre:<\/p>\n<ul>\n<li><strong>Cookies de session.<\/strong> Il s&rsquo;agit d&rsquo;un type de cookie con\u00e7u pour collecter et stocker des donn\u00e9es lorsque l&rsquo;utilisateur acc\u00e8de \u00e0 un site Web. Ces cookies ne sont pas stock\u00e9s sur l&rsquo;ordinateur de l&rsquo;utilisateur lorsque la session expire ou que l&rsquo;utilisateur ferme son navigateur.<\/li>\n<li><strong>Cookies persistants.<\/strong> Il s&rsquo;agit d&rsquo;un type de cookie dans lequel les donn\u00e9es restent stock\u00e9es sur l&rsquo;ordinateur de l&rsquo;utilisateur et peuvent \u00eatre consult\u00e9es et trait\u00e9es lorsque l&rsquo;utilisateur quitte le site Web et lorsqu&rsquo;il y revient. Ces cookies peuvent \u00eatre supprim\u00e9s \u00e0 tout moment par l&rsquo;utilisateur.<\/li>\n<\/ul>\n<p><strong>En fonction de l&rsquo;entit\u00e9 qui les g\u00e8re: <\/strong><\/p>\n<ul>\n<li>Cookies personnels: ce sont les cookies envoy\u00e9s vers le terminal de l\u2019utilisateur depuis un \u00e9quipement ou un domaine administr\u00e9 par l\u2019\u00e9diteur du site Web, et \u00e0 partir duquel le service demand\u00e9 par l\u2019utilisateur est fourni.<\/li>\n<li>Cookies tiers: ce sont ceux qui sont envoy\u00e9s \u00e0 l&rsquo;\u00e9quipement terminal de l&rsquo;utilisateur depuis un ordinateur ou un domaine qui n&rsquo;est pas g\u00e9r\u00e9 par le propri\u00e9taire du site Web \u00e0 partir duquel le service demand\u00e9 par l&rsquo;utilisateur est fourni, mais par une autre entit\u00e9 qui traite les donn\u00e9es obtenues par le biais des cookies. De m\u00eame, dans le cas o\u00f9 les cookies sont install\u00e9s \u00e0 partir d&rsquo;un ordinateur ou d&rsquo;un domaine g\u00e9r\u00e9 par le propri\u00e9taire du site Web lui-m\u00eame mais que les informations collect\u00e9es \u00e0 travers eux sont g\u00e9r\u00e9es par un tiers, ils seront \u00e9galement consid\u00e9r\u00e9s comme des cookies tiers.<\/li>\n<\/ul>\n<p><strong>Selon l\u2019objectif \u00e0 atteindre: <\/strong><\/p>\n<ul class=\"ul1\">\n<li class=\"li2\"><span style=\"font-weight: 400;\">Cookies techniques. Ce sont les cookies qui permettent \u00e0 l\u2019utilisateur de naviguer sur un site Web, une plateforme ou une application, et d\u2019utiliser les diff\u00e9rentes options ou les services propos\u00e9s par ceux-ci, par exemple, contr\u00f4ler le trafic et la communication des donn\u00e9es, identifier la session, avoir acc\u00e8s \u00e0 des parties \u00e0 acc\u00e8s limit\u00e9, se rappeler des \u00e9l\u00e9ments contenus dans une commande, effectuer le processus d\u2019achat d\u2019une commande, r\u00e9aliser la demande d\u2019inscription ou de participation \u00e0 un \u00e9v\u00e9nement, utiliser des \u00e9l\u00e9ments de s\u00e9curit\u00e9 pendant la navigation, stocker des contenus pour la diffusion de vid\u00e9os ou de son, ou partager des contenus \u00e0 travers les r\u00e9seaux sociaux.<\/span><\/li>\n<li class=\"li2\"><span style=\"font-weight: 400;\">Cookies de g\u00e9olocalisation. Ils sont utilis\u00e9s pour savoir o\u00f9 se trouve un utilisateur lorsqu&rsquo;il demande un service. Ce cookie est anonyme et est utilis\u00e9, par exemple, pour vous fournir les informations appropri\u00e9es en fonction du pays dans lequel vous vous trouvez.<\/span><\/li>\n<li class=\"li2\"><span style=\"font-weight: 400;\">Cookies de personnalisation. Ce sont les cookies qui autorisent l\u2019utilisateur \u00e0 avoir acc\u00e8s au service avec certaines caract\u00e9ristiques d\u2019ordre g\u00e9n\u00e9ral. Elles sont pr\u00e9d\u00e9finies en fonction d\u2019une s\u00e9rie de crit\u00e8res sur le terminal de l\u2019utilisateur, par exemple : la langue, le type de navigateur \u00e0 travers lequel il a acc\u00e8s au service, la configuration r\u00e9gionale depuis laquelle il a acc\u00e8s au service, etc.<\/span><\/li>\n<li class=\"li2\"><span style=\"font-weight: 400;\">Cookies d\u2019analyse. Ce sont les cookies qui permettent \u00e0 leur responsable d\u2019effectuer le suivi et l\u2019analyse du comportement des utilisateurs des sites Web auxquels ils sont rattach\u00e9s. Les informations recueillies au moyen de ce type de cookies sont utilis\u00e9es pour mesurer l\u2019activit\u00e9 des sites Web, des applications ou des plateformes, et pour la r\u00e9alisations des profils de navigation des utilisateurs de ces sites, applications et plateformes, afin d\u2019introduire des am\u00e9liorations en fonction de l\u2019analyse des donn\u00e9es de l\u2019utilisation r\u00e9alis\u00e9e par les utilisateurs du service.<\/span><\/li>\n<li class=\"li2\"><span style=\"font-weight: 400;\">Cookies publicitaires. Ces cookies permettent de g\u00e9rer le plus efficacement possible l&rsquo;offre d&rsquo;espaces publicitaires sur le site Web, en adaptant le contenu de la publicit\u00e9 au contenu du service demand\u00e9 ou \u00e0 l&rsquo;utilisation faite de notre site Web.<\/span><\/li>\n<li class=\"li2\"><span style=\"font-weight: 400;\">Cookies de publicit\u00e9 comportementale. Ces cookies permettent de g\u00e9rer le plus efficacement possible les espaces publicitaires sur le site Web. Ces cookies stockent des informations sur le comportement des utilisateurs obtenues par l&rsquo;observation continue de leurs habitudes de navigation, ce qui permet de d\u00e9velopper un profil sp\u00e9cifique afin d&rsquo;afficher des publicit\u00e9s bas\u00e9es sur ce dernier.<\/span><\/li>\n<\/ul>\n<p><strong>COOKIES UTILIS\u00c9S SUR CE SITE WEB<\/strong><\/p>\n<ul class=\"ul1\">\n<li class=\"li4\"><span style=\"font-weight: 400;\"><strong>PHPSESSID:<\/strong> cookie technique et strictement n\u00e9cessaire, contenant l\u2019identifiant de la session. Il est supprim\u00e9 lorsque le navigateur est ferm\u00e9.<\/span><\/li>\n<li class=\"li4\"><span style=\"font-weight: 400;\"><strong>_lang:<\/strong> cookie technique et strictement n\u00e9cessaire, contenant la langue de la session. Il est supprim\u00e9 lorsque le navigateur est ferm\u00e9.<\/span><\/li>\n<li class=\"li4\"><span style=\"font-weight: 400;\"><strong>ac_cookies:<\/strong> cookie technique et strictement n\u00e9cessaire, contenant la valeur de l\u2019acceptation ou non de l\u2019installation de cookies. Il expire 1 an apr\u00e8s la derni\u00e8re mise \u00e0 jour.<\/span><\/li>\n<li class=\"li4\"><span style=\"font-weight: 400;\"><strong>_ga:<\/strong> cookie Google Analytics qui permet la fonction de suivi des visiteurs uniques. La premi\u00e8re fois qu&rsquo;un utilisateur entre sur le site Web par le biais d&rsquo;un navigateur, ce cookie sera install\u00e9. Lorsque cet utilisateur se rendra \u00e0 nouveau sur le site Web avec le m\u00eame navigateur, le cookie consid\u00e9rera qu&rsquo;il s&rsquo;agit du m\u00eame utilisateur. Ce n&rsquo;est que dans le cas o\u00f9 l&rsquo;utilisateur change de navigateur qu&rsquo;il sera consid\u00e9r\u00e9 comme un autre utilisateur. Il expire 2 ans apr\u00e8s la derni\u00e8re mise \u00e0 jour.<\/span><\/li>\n<li class=\"li4\"><span style=\"font-weight: 400;\"><strong>_gat:<\/strong> ce cookie est associ\u00e9 \u00e0 Google Analytics Universal. Il est utilis\u00e9 pour limiter le d\u00e9bit des requ\u00eates, c&rsquo;est-\u00e0-dire pour limiter la collecte de donn\u00e9es sur les sites \u00e0 fort trafic. Il expire apr\u00e8s 10 minutes.<\/span><\/li>\n<li class=\"li4\"><span style=\"font-weight: 400;\"><strong>_utma:<\/strong> cookie de Google Analytics qui enregistre la date de la premi\u00e8re et de la derni\u00e8re visite de l&rsquo;utilisateur sur le site Web. Il expire 2 ans apr\u00e8s la derni\u00e8re mise \u00e0 jour.<\/span><\/li>\n<li class=\"li4\"><span style=\"font-weight: 400;\"><strong>utmb:<\/strong> cookie de Google Analytics qui enregistre l&rsquo;heure d&rsquo;arriv\u00e9e sur le site Web. Elle expire 30 minutes apr\u00e8s la derni\u00e8re mise \u00e0 jour.<\/span><\/li>\n<li class=\"li4\"><span style=\"font-weight: 400;\"><strong>utmc:<\/strong> cookie Google Analytics utilis\u00e9 pour l&rsquo;interop\u00e9rabilit\u00e9 avec le code de suivi urchin.js. Il est supprim\u00e9 lorsque le navigateur est ferm\u00e9.<\/span><\/li>\n<li class=\"li4\"><span style=\"font-weight: 400;\"><strong>utmt:<\/strong> cookie de Google Analytics. Ce cookie est utilis\u00e9 pour traiter le type de demande faite par l&rsquo;utilisateur. Il expire \u00e0 la fin de la session.<\/span><\/li>\n<li class=\"li4\"><span style=\"font-weight: 400;\"><strong>utmt:<\/strong> cookie de Google Analytics. Ce cookie est utilis\u00e9 pour segmenter les donn\u00e9es d\u00e9mographiques. Il expire \u00e0 la fin de la session.<\/span><\/li>\n<li class=\"li4\"><span style=\"font-weight: 400;\"><strong>_utmz:<\/strong> cookie de Google Analytics qui enregistre la source de trafic ou une campagne pour expliquer comment l&rsquo;utilisateur est arriv\u00e9 sur le site Web. Il expire 6 mois apr\u00e8s la derni\u00e8re mise \u00e0 jour.<\/span><\/li>\n<\/ul>\n<p><strong>D\u00c9SACTIVATION DES COOKIES<\/strong><\/p>\n<p><span style=\"font-weight: 400;\">L&rsquo;utilisateur peut \u00e0 tout moment autoriser, bloquer ou supprimer les cookies install\u00e9s sur son \u00e9quipement en modifiant les param\u00e8tres de configuration du navigateur install\u00e9 sur son ordinateur: la d\u00e9sactivation des cookies n&#8217;emp\u00eache pas la navigation sur le site Web, mais l&rsquo;utilisation de certains de ses services peut \u00eatre limit\u00e9e et que, par cons\u00e9quent, son exp\u00e9rience de navigation peut \u00eatre moins satisfaisante. <\/span><\/p>\n<p><span style=\"font-weight: 400;\">L&rsquo;utilisateur peut \u00e0 tout moment retirer son consentement en relation avec la politique de cookies, et peut supprimer les cookies stock\u00e9s sur son \u00e9quipement \u00e0 travers les param\u00e8tres et les configurations de son navigateur Internet, indiqu\u00e9s ci-dessus. <\/span><\/p>\n<p><strong>COMMENT SUPPRIMER LES COOKIES<\/strong><\/p>\n<p><strong>Chrome<\/strong><\/p>\n<p>1. S\u00e9lectionnez l&rsquo;ic\u00f4ne Outils<br \/>\n2. Cliquez sur Param\u00e8tres.<br \/>\n3. Cliquez sur Afficher les options avanc\u00e9es.<br \/>\n4. Dans la section \u00ab\u00a0Confidentialit\u00e9\u00a0\u00bb, cliquez sur Param\u00e8tres de contenu.<br \/>\n\u2022 Supprimer les cookies\u00a0: cliquez sur Tous les cookies et les donn\u00e9es du site\u2026<br \/>\n\u2022 N&rsquo;autorisez pas le stockage des cookies.<br \/>\n5. Cliquez sur Effacer les donn\u00e9es de navigation (vider le cache).<br \/>\n6. Fermez et red\u00e9marrez le navigateur.<\/p>\n<p>Pour plus d&rsquo;informations sur Chrome, cliquez ici: http:\/\/support.google.com\/chrome\/answer\/95647?hl=es<\/p>\n<p><strong>Internet Explorer\u00a0 11<\/strong><\/p>\n<p>1. S\u00e9lectionnez Outils | Options Internet.<br \/>\n2. Cliquez sur l&rsquo;onglet G\u00e9n\u00e9ral.<br \/>\n3. Dans la section \u00ab\u00a0Historique de navigation\u00a0\u00bb, cliquez sur Supprimer l&rsquo;historique de navigation \u00e0 la sortie.<br \/>\n4. S\u00e9lectionnez Supprimer les fichiers.<br \/>\n5. S\u00e9lectionnez Supprimer les cookies.<br \/>\n6. Cliquez sur Supprimer.<br \/>\n7. Cliquez sur OK.<br \/>\n8. Fermez et red\u00e9marrez le navigateur.<\/p>\n<p>Pour plus d&rsquo;informations sur Internet Explorer cliquez ici: <a style=\"color: #e30613;\" href=\"http:\/\/windows.microsoft.com\/es-419\/windows7\/how-to-manage-cookies-in-internet-explorer-9\" target=\"_blank\" rel=\"noopener\"><span class=\"s6\">http:\/\/windows.microsoft.com\/es-419\/windows7\/how-to-manage-cookies-in-internet-explorer-9<\/span><\/a><\/p>\n<p><strong>Firefox\u00a0 18<\/strong><\/p>\n<p>1. S\u00e9lectionnez Firefox | Histoire | Effacer l&rsquo;historique r\u00e9cent.<br \/>\n2. \u00c0 c\u00f4t\u00e9 de \u00ab\u00a0D\u00e9tails\u00a0\u00bb, cliquez sur la fl\u00e8che vers le bas.<br \/>\n3. Cochez les cases suivantes : Cookies, Cache, Connexions actives<br \/>\n4. \u00c0 l&rsquo;aide du menu d\u00e9roulant \u00ab Plage de temps \u00e0 effacer \u00bb, s\u00e9lectionnez Tout.<br \/>\n5. Cliquez sur Effacer maintenant.<br \/>\n6. Fermez et red\u00e9marrez le navigateur.<\/p>\n<p>Vous pouvez accepter ou refuser les cookies individuellement dans les Pr\u00e9f\u00e9rences de Firefox, dans la section Historique disponible dans Outils &gt; Options &gt; Confidentialit\u00e9.<\/p>\n<p>Pour plus d&rsquo;informations sur Mozilla Firefox cliquez ici: <a style=\"color: #e30613;\" href=\"https:\/\/www.mozilla.org\/es-ES\/privacy\/websites\/#cookies\" target=\"_blank\" rel=\"noopener\"><span class=\"s6\">https:\/\/www.mozilla.org\/es-ES\/privacy\/websites\/#cookies<\/span><\/a><\/p>\n<p><strong>Safari\u00a0 5.1<\/strong><\/p>\n<p>1. S\u00e9lectionnez l&rsquo;ic\u00f4ne Safari \/ Modifier | Restaurez Safari.<br \/>\n2. Cochez les cases suivantes\u00a0: Effacer l&rsquo;historique, Supprimer toutes les donn\u00e9es du site Web<br \/>\n3. Cliquez sur R\u00e9initialiser.<br \/>\n4. Fermez et red\u00e9marrez le navigateur.<\/p>\n<p>Pour plus d&rsquo;informations sur Safari cliquez ici: <a style=\"color: #e30613;\" href=\"http:\/\/support.apple.com\/kb\/PH5042\" target=\"_blank\" rel=\"noopener\"><span class=\"s6\">http:\/\/support.apple.com\/kb\/PH5042<\/span><\/a><\/p>\n<p><strong>Opera<\/strong><\/p>\n<p>Options \u2013 Avanc\u00e9 \u2013 Cookies.<br \/>\nLes options de cookies contr\u00f4lent la mani\u00e8re dont Opera les traite et donc leur acceptation ou leur refus.<\/p>\n<p>Pour plus d&rsquo;informations sur Op\u00e9ra cliquez ici: <a style=\"color: #e30613;\" href=\"http:\/\/help.opera.com\/Linux\/10.60\/es-ES\/cookies.html\" target=\"_blank\" rel=\"noopener\"><span class=\"s6\">http:\/\/help.opera.com\/Linux\/10.60\/es-ES\/cookies.html<\/span><\/a><\/p>\n<p>D&rsquo;autres navigateurs<\/p>\n<p>Consultez la documentation du navigateur que vous avez install\u00e9.<\/p>\n<\/div><\/section>\n","protected":false},"excerpt":{"rendered":"","protected":false},"author":1,"featured_media":0,"parent":0,"menu_order":0,"comment_status":"closed","ping_status":"closed","template":"","meta":{"_acf_changed":false,"footnotes":""},"class_list":["post-2151","page","type-page","status-publish","hentry"],"acf":[],"_links":{"self":[{"href":"https:\/\/dyresel.com\/fr\/wp-json\/wp\/v2\/pages\/2151","targetHints":{"allow":["GET"]}}],"collection":[{"href":"https:\/\/dyresel.com\/fr\/wp-json\/wp\/v2\/pages"}],"about":[{"href":"https:\/\/dyresel.com\/fr\/wp-json\/wp\/v2\/types\/page"}],"author":[{"embeddable":true,"href":"https:\/\/dyresel.com\/fr\/wp-json\/wp\/v2\/users\/1"}],"replies":[{"embeddable":true,"href":"https:\/\/dyresel.com\/fr\/wp-json\/wp\/v2\/comments?post=2151"}],"version-history":[{"count":0,"href":"https:\/\/dyresel.com\/fr\/wp-json\/wp\/v2\/pages\/2151\/revisions"}],"wp:attachment":[{"href":"https:\/\/dyresel.com\/fr\/wp-json\/wp\/v2\/media?parent=2151"}],"curies":[{"name":"wp","href":"https:\/\/api.w.org\/{rel}","templated":true}]}}