{"id":2149,"date":"2022-01-17T11:39:25","date_gmt":"2022-01-17T11:39:25","guid":{"rendered":"https:\/\/dyresel.com\/pagina-no-encontrada\/"},"modified":"2022-01-17T11:39:25","modified_gmt":"2022-01-17T11:39:25","slug":"pagina-no-encontrada","status":"publish","type":"page","link":"https:\/\/dyresel.com\/fr\/pagina-no-encontrada\/","title":{"rendered":"P\u00e1gina no encontrada"},"content":{"rendered":"\n<style type=\"text\/css\" data-created_by=\"avia_inline_auto\" id=\"style-css-av-dpuu8-489cdd5620ec6593463dc5d8d95a5f60\">\n.avia-section.av-dpuu8-489cdd5620ec6593463dc5d8d95a5f60{\nbackground-color:#f8f8f8;\nbackground-image:unset;\n}\n<\/style>\n<div id='av_section_1'  class='avia-section av-dpuu8-489cdd5620ec6593463dc5d8d95a5f60 main_color avia-section-large avia-no-border-styling  avia-builder-el-0  avia-builder-el-no-sibling  avia-bg-style-scroll container_wrap sidebar_right'  ><div class='container av-section-cont-open' ><main  role=\"main\" itemprop=\"mainContentOfPage\"  class='template-page content  av-content-small alpha units'><div class='post-entry post-entry-type-page post-entry-2149'><div class='entry-content-wrapper clearfix'>\n<div class='flex_column_table av-37ewog-08728676b65cbb00fb432afafa9fc094 sc-av_one_full av-equal-height-column-flextable'><div  class='flex_column av-37ewog-08728676b65cbb00fb432afafa9fc094 av_one_full  avia-builder-el-1  avia-builder-el-no-sibling  first no_margin flex_column_table_cell av-equal-height-column av-align-bottom  '     ><section  class='av_textblock_section av-kyimcnjm-2773df48c4e2245e344786e6969d9118 '   itemscope=\"itemscope\" itemtype=\"https:\/\/schema.org\/CreativeWork\" ><div class='avia_textblock'  itemprop=\"text\" ><h6><img loading=\"lazy\" decoding=\"async\" class=\"aligncenter wp-image-20 size-medium\" src=\"https:\/\/dyresel.com\/wp-content\/uploads\/2021\/09\/dyresel_vert_color_tagline-300x242.png\" alt=\"\" width=\"300\" height=\"242\" srcset=\"https:\/\/dyresel.com\/wp-content\/uploads\/2021\/09\/dyresel_vert_color_tagline-300x242.png 300w, https:\/\/dyresel.com\/wp-content\/uploads\/2021\/09\/dyresel_vert_color_tagline-1030x831.png 1030w, https:\/\/dyresel.com\/wp-content\/uploads\/2021\/09\/dyresel_vert_color_tagline-768x620.png 768w, https:\/\/dyresel.com\/wp-content\/uploads\/2021\/09\/dyresel_vert_color_tagline-1536x1240.png 1536w, https:\/\/dyresel.com\/wp-content\/uploads\/2021\/09\/dyresel_vert_color_tagline-1500x1211.png 1500w, https:\/\/dyresel.com\/wp-content\/uploads\/2021\/09\/dyresel_vert_color_tagline-495x400.png 495w, https:\/\/dyresel.com\/wp-content\/uploads\/2021\/09\/dyresel_vert_color_tagline-845x684.png 845w, https:\/\/dyresel.com\/wp-content\/uploads\/2021\/09\/dyresel_vert_color_tagline-705x569.png 705w, https:\/\/dyresel.com\/wp-content\/uploads\/2021\/09\/dyresel_vert_color_tagline-600x484.png 600w, https:\/\/dyresel.com\/wp-content\/uploads\/2021\/09\/dyresel_vert_color_tagline.png 1831w\" sizes=\"auto, (max-width: 300px) 100vw, 300px\" \/><\/h6>\n<h6 class=\"nosotros\" style=\"text-align: center;\">Dise\u00f1amos los sistemas el\u00e9ctricos y de iluminaci\u00f3n<br \/>\npara veh\u00edculos industriales que marcan el rumbo<\/h6>\n<\/div><\/section><br \/>\n\n<style type=\"text\/css\" data-created_by=\"avia_inline_auto\" id=\"style-css-av-kyimdhax-e5380ccdafd7699a194f759725f4279f\">\n#top .hr.hr-invisible.av-kyimdhax-e5380ccdafd7699a194f759725f4279f{\nheight:30px;\n}\n<\/style>\n<div  class='hr av-kyimdhax-e5380ccdafd7699a194f759725f4279f hr-invisible  avia-builder-el-3  el_after_av_textblock  el_before_av_button '><span class='hr-inner '><span class=\"hr-inner-style\"><\/span><\/span><\/div><br \/>\n<div  class='avia-button-wrap av-kyimbovx-0f49b8df2b173264192584339e05451f-wrap avia-button-center  avia-builder-el-4  el_after_av_hr  avia-builder-el-last '>\n<style type=\"text\/css\" data-created_by=\"avia_inline_auto\" id=\"style-css-av-kyimbovx-0f49b8df2b173264192584339e05451f\">\n#top #wrap_all .avia-button.av-kyimbovx-0f49b8df2b173264192584339e05451f{\nbackground-color:#f8f8f8;\nborder-color:#cc233f;\ncolor:#555555;\nborder-style:solid;\nborder-width:2px 2px 2px 2px;\nborder-radius:30px 30px 30px 30px;\ntransition:all 0.4s ease-in-out;\n}\n#top #wrap_all .avia-button.av-kyimbovx-0f49b8df2b173264192584339e05451f:hover{\nbackground-color:#cc233f;\ncolor:#ffffff;\ntransition:all 0.4s ease-in-out;\n}\n#top #wrap_all.avia-button.av-kyimbovx-0f49b8df2b173264192584339e05451f:hover .avia_button_background{\nborder-radius:30px 30px 30px 30px;\n}\n#top #wrap_all .avia-button.av-kyimbovx-0f49b8df2b173264192584339e05451f .avia-svg-icon svg:first-child{\nfill:#555555;\nstroke:#555555;\n}\n#top #wrap_all .avia-button.av-kyimbovx-0f49b8df2b173264192584339e05451f:hover .avia-svg-icon svg:first-child{\nfill:#ffffff;\nstroke:#ffffff;\n}\n<\/style>\n<a href='https:\/\/dyresel.com\/nosotros\/'  class='avia-button av-kyimbovx-0f49b8df2b173264192584339e05451f av-link-btn avia-icon_select-no avia-size-medium avia-position-center'   aria-label=\"Conoce Dyresel\"><span class='avia_iconbox_title' >Conoce Dyresel<\/span><\/a><\/div><\/p><\/div><\/div><!--close column table wrapper. Autoclose: 1 --><\/div><\/div><\/main><!-- close content main element --><\/div><\/div><div id='after_section_1'  class='main_color av_default_container_wrap container_wrap sidebar_right'  ><div class='container av-section-cont-open' ><div class='template-page content  av-content-small alpha units'><div class='post-entry post-entry-type-page post-entry-2149'><div class='entry-content-wrapper clearfix'>\n","protected":false},"excerpt":{"rendered":"","protected":false},"author":1,"featured_media":0,"parent":0,"menu_order":0,"comment_status":"closed","ping_status":"closed","template":"","meta":{"_acf_changed":false,"footnotes":""},"class_list":["post-2149","page","type-page","status-publish","hentry"],"acf":[],"_links":{"self":[{"href":"https:\/\/dyresel.com\/fr\/wp-json\/wp\/v2\/pages\/2149","targetHints":{"allow":["GET"]}}],"collection":[{"href":"https:\/\/dyresel.com\/fr\/wp-json\/wp\/v2\/pages"}],"about":[{"href":"https:\/\/dyresel.com\/fr\/wp-json\/wp\/v2\/types\/page"}],"author":[{"embeddable":true,"href":"https:\/\/dyresel.com\/fr\/wp-json\/wp\/v2\/users\/1"}],"replies":[{"embeddable":true,"href":"https:\/\/dyresel.com\/fr\/wp-json\/wp\/v2\/comments?post=2149"}],"version-history":[{"count":0,"href":"https:\/\/dyresel.com\/fr\/wp-json\/wp\/v2\/pages\/2149\/revisions"}],"wp:attachment":[{"href":"https:\/\/dyresel.com\/fr\/wp-json\/wp\/v2\/media?parent=2149"}],"curies":[{"name":"wp","href":"https:\/\/api.w.org\/{rel}","templated":true}]}}