{"id":2146,"date":"2022-01-20T17:03:22","date_gmt":"2022-01-20T17:03:22","guid":{"rendered":"https:\/\/dyresel.com\/aviso-legal\/"},"modified":"2022-03-07T11:07:07","modified_gmt":"2022-03-07T11:07:07","slug":"avis-legal","status":"publish","type":"page","link":"https:\/\/dyresel.com\/fr\/avis-legal\/","title":{"rendered":"Av\u00eds l\u00e9gal"},"content":{"rendered":"<div  class='flex_column av-22ypvt-d5f15550136fc90a1d9c8f6efd7e64ad av_one_full  avia-builder-el-0  avia-builder-el-no-sibling  first flex_column_div  '     ><section  class='av_textblock_section av-kyn838xq-b0ada8a224b9d52039c2caecc8710a27 '   itemscope=\"itemscope\" itemtype=\"https:\/\/schema.org\/CreativeWork\" ><div class='avia_textblock aviso'  itemprop=\"text\" ><p><strong>AVIS L\u00c9GAL<\/strong><\/p>\n<ul>\n<li><strong>OBJET<\/strong><\/li>\n<\/ul>\n<p>Le pr\u00e9sent avis l\u00e9gal r\u00e9git l&rsquo;utilisation et l&rsquo;exploitation du site Web www.dyresel.com appartenant \u00e0 DYRESEL, S.L. (ci-apr\u00e8s, le PROPRI\u00c9TAIRE DU SITE WEB). La navigation sur le site Web du PROPRI\u00c9TAIRE DU SITE WEB conf\u00e8re la condition d&rsquo;UTILISATEUR de celui-ci et implique l&rsquo;acceptation pleine et sans r\u00e9serve de toutes et chacune des conditions publi\u00e9es dans le pr\u00e9sent avis l\u00e9gal, en pr\u00e9venant que ces conditions pourront \u00eatre modifi\u00e9es sans pr\u00e9avis par le PROPRI\u00c9TAIRE DU SITE WEB, auquel cas il proc\u00e9dera \u00e0 sa publication et \u00e0 sa communication le plus en avance possible. Il est donc conseill\u00e9 de lire attentivement leur contenu si vous souhaitez acc\u00e9der et utiliser les informations et services propos\u00e9s sur ce site. L&rsquo;utilisateur est \u00e9galement tenu de faire un usage correct du site Web, conform\u00e9ment \u00e0 la loi, \u00e0 la bonne foi, \u00e0 l&rsquo;ordre public, aux usages de la circulation et au pr\u00e9sent avis juridique, et sera responsable envers le PROPRI\u00c9TAIRE DU SITE WEB ou envers des tiers des dommages qui pourraient \u00eatre caus\u00e9s en raison du non-respect de cette obligation. Toute utilisation autre que celle autoris\u00e9e est express\u00e9ment interdite, et LE PROPRI\u00c9TAIRE DU SITE peut \u00e0 tout moment refuser ou retirer l&rsquo;acc\u00e8s et l&rsquo;utilisation.<\/p>\n<ul>\n<li><strong>IDENTIFICATION<\/strong><\/li>\n<\/ul>\n<p>LE PROPRI\u00c9TAIRE DU SITE, conform\u00e9ment \u00e0 la loi 34\/2002, du 11 juillet, sur les services de la soci\u00e9t\u00e9 de l&rsquo;information et le commerce \u00e9lectronique, vous informe que :<\/p>\n<p>Son nom de soci\u00e9t\u00e9 est : DYRESEL, S.L. Elle est titulaire du num\u00e9ro de TVA suivant : B50196005. Son si\u00e8ge social est situ\u00e9 \u00e0 : CALLE LA VENTA, 31 &#8211; 50420 &#8211; CADRETE &#8211; SARAGOSSE (ESPAGNE). Registre du commerce de Saragosse, Tome 741, N\u00ba 502, Section 3 du Registre du Commerce et des Soci\u00e9t\u00e9s, Folio 211, Page Z-9005, Inscrip. 1 &#8211; CIF B50196005<\/p>\n<ul>\n<li><strong>COMMUNICATIONS<\/strong><\/li>\n<\/ul>\n<p>Pour communiquer avec nous, nous mettons \u00e0 votre disposition diff\u00e9rents moyens de contact que nous d\u00e9taillons ci-dessous :<\/p>\n<p>T\u00e9l. : (+34) 976126616. E-mail : contabilidad@dyresel.com<\/p>\n<p>Toutes les notifications et communications entre les utilisateurs et le PROPRI\u00c9TAIRE DU SITE WEB seront consid\u00e9r\u00e9es comme effectives, \u00e0 toutes fins utiles, lorsqu&rsquo;elles seront effectu\u00e9es par l&rsquo;un des moyens d\u00e9taill\u00e9s ci-dessus.<\/p>\n<ul>\n<li><strong>CONDITIONS D\u2019ACC\u00c8S ET UTILISATION<\/strong><\/li>\n<\/ul>\n<p>Le site Web et ses services sont librement accessibles et gratuits. Toutefois, le PROPRI\u00c9TAIRE DU SITE WEB peut conditionner l&rsquo;utilisation de certains des services propos\u00e9s sur son site Web \u00e0 la saisie pr\u00e9alable du formulaire correspondant. L&rsquo;utilisateur garantit l&rsquo;authenticit\u00e9 et l&rsquo;actualit\u00e9 de toutes les donn\u00e9es fournies au PROPRI\u00c9TAIRE DU SITE WEB et sera seul responsable de toute d\u00e9claration fausse ou inexacte qu\u2019il effectuerait. L&rsquo;utilisateur s&rsquo;engage express\u00e9ment \u00e0 faire un usage appropri\u00e9 des contenus et services du PROPRI\u00c9TAIRE DU SITE WEB et \u00e0 ne pas les utiliser pour, entre autres :<\/p>\n<p>Diffuser des contenus \u00e0 caract\u00e8re criminel, violent, pornographique, raciste, x\u00e9nophobe, offensant, faisant l&rsquo;apologie du terrorisme ou, de mani\u00e8re g\u00e9n\u00e9rale, contraires \u00e0 la loi ou \u00e0 l&rsquo;ordre public. Introduire dans le r\u00e9seau des virus informatiques ou r\u00e9aliser des actions susceptibles d&rsquo;alt\u00e9rer, d&rsquo;endommager, d&rsquo;interrompre ou de g\u00e9n\u00e9rer des erreurs ou des dommages aux documents \u00e9lectroniques, aux donn\u00e9es ou aux syst\u00e8mes physiques et logiques du PROPRI\u00c9TAIRE DU SITE WEB ou de tiers ; ainsi que d&rsquo;entraver l&rsquo;acc\u00e8s d&rsquo;autres utilisateurs au site Web et \u00e0 ses services par la consommation massive de ressources informatiques \u00e0 travers lesquelles le PROPRI\u00c9TAIRE DU SITE WEB fournit ses services. Tenter d&rsquo;acc\u00e9der aux comptes de courrier \u00e9lectronique d&rsquo;autres utilisateurs ou \u00e0 des zones \u00e0 acc\u00e8s restreint des syst\u00e8mes informatiques du PROPRI\u00c9TAIRE DU SITE WEB ou de tiers et, le cas \u00e9ch\u00e9ant, en extraire des informations. Violer les droits de propri\u00e9t\u00e9 intellectuelle ou industrielle, ainsi que violer la confidentialit\u00e9 des informations du PROPRI\u00c9TAIRE DU SITE ou de tiers. Usurper l&rsquo;identit\u00e9 de tout autre utilisateur. Reproduire, copier, distribuer, mettre \u00e0 disposition, ou toute autre forme de communication publique, transformer ou modifier les contenus, sauf autorisation du titulaire des droits correspondants ou autorisation l\u00e9gale. Collecter des donn\u00e9es \u00e0 des fins publicitaires et envoyer des publicit\u00e9s de toute nature et des communications \u00e0 des fins de vente ou autres de nature commerciale sans demande ou consentement pr\u00e9alable.<\/p>\n<p>Tous les contenus du site Web, tels que les textes, les photographies, les graphiques, les images, les ic\u00f4nes, la technologie, le logiciel, ainsi que sa conception graphique et ses codes sources constituent une \u0153uvre dont la propri\u00e9t\u00e9 appartient au PROPRI\u00c9TAIRE DU SITE WEB, et aucun des droits d&rsquo;exploitation sur ceux-ci ne peut \u00eatre compris comme \u00e9tant transf\u00e9r\u00e9 \u00e0 l&rsquo;utilisateur au-del\u00e0 de ce qui est strictement n\u00e9cessaire pour l&rsquo;utilisation correcte du site Web. En r\u00e9sum\u00e9, les utilisateurs qui acc\u00e8dent \u00e0 ce site Web peuvent voir les contenus et r\u00e9aliser, le cas \u00e9ch\u00e9ant, des copies priv\u00e9es autoris\u00e9es, \u00e0 condition que les \u00e9l\u00e9ments reproduits ne soient pas ensuite c\u00e9d\u00e9s \u00e0 des tiers, ni install\u00e9s sur des serveurs connect\u00e9s \u00e0 des r\u00e9seaux, ni soumis \u00e0 un quelconque type d&rsquo;exploitation. D\u2019autre part, toutes les marques, noms commerciaux ou signes distinctifs de toute nature qui apparaissent sur le site Web sont la propri\u00e9t\u00e9 du PROPRI\u00c9TAIRE DU SITE WEB, sans qu&rsquo;il soit entendu que l&rsquo;utilisation ou l&rsquo;acc\u00e8s \u00e0 ceux-ci attribue \u00e0 l&rsquo;utilisateur un quelconque droit sur ceux-ci. La distribution, la modification, le transfert ou la communication publique des contenus et tout autre acte qui n&rsquo;a pas \u00e9t\u00e9 express\u00e9ment autoris\u00e9 par le titulaire des droits d&rsquo;exploitation sont interdits. L&rsquo;\u00e9tablissement d&rsquo;un hyperlien n&rsquo;implique en aucun cas l&rsquo;existence d&rsquo;une relation entre le PROPRI\u00c9TAIRE DU SITE WEB et le propri\u00e9taire du site Web dans lequel il est \u00e9tabli, ni l&rsquo;acceptation et l&rsquo;approbation par le PROPRI\u00c9TAIRE DU SITE WEB de ses contenus ou services. Le PROPRI\u00c9TAIRE DU SITE WEB n&rsquo;est pas responsable de l&rsquo;utilisation que chaque utilisateur fait du mat\u00e9riel mis \u00e0 disposition sur ce site ni des actions r\u00e9alis\u00e9es sur la base de celui-ci.<\/p>\n<ul>\n<li><strong>EXCLUSION DE GARANTIES ET DE LA RESPONSABILIT\u00c9 LORS DE L\u2019ACC\u00c8S ET DE L\u2019UTILISATION<\/strong><\/li>\n<\/ul>\n<p>Le contenu de ce site Web est de nature g\u00e9n\u00e9rale et n&rsquo;a qu&rsquo;un caract\u00e8re informatif. L&rsquo;acc\u00e8s \u00e0 l&rsquo;ensemble du contenu n&rsquo;est pas enti\u00e8rement garanti, pas plus que son exhaustivit\u00e9, son exactitude, sa validit\u00e9 ou son actualit\u00e9, ni son ad\u00e9quation ou son utilit\u00e9 pour un objectif sp\u00e9cifique. LE PROPRI\u00c9TAIRE DU SITE WEB exclut, dans la mesure o\u00f9 la loi le permet, toute responsabilit\u00e9 pour les dommages de toute nature d\u00e9coulant de :<\/p>\n<p>L&rsquo;impossibilit\u00e9 d&rsquo;acc\u00e9der au site Web ou le manque de v\u00e9racit\u00e9, d&rsquo;exactitude, d&rsquo;exhaustivit\u00e9 et\/ou d&rsquo;actualit\u00e9 des contenus, ainsi que l&rsquo;existence de vices et de d\u00e9fauts de toute nature dans les contenus transmis, diffus\u00e9s, stock\u00e9s, mis \u00e0 disposition, accessibles par le site Web ou les services propos\u00e9s. La pr\u00e9sence de virus ou d&rsquo;autres \u00e9l\u00e9ments dans les contenus qui peuvent provoquer des alt\u00e9rations dans les syst\u00e8mes informatiques, les documents \u00e9lectroniques ou les donn\u00e9es des utilisateurs. Le non-respect de la loi, de la bonne foi, de l&rsquo;ordre public, des usages en mati\u00e8re de circulation et du pr\u00e9sent avis l\u00e9gal en raison d&rsquo;une utilisation incorrecte du site Web. En particulier, et \u00e0 titre d&rsquo;exemple, le PROPRI\u00c9TAIRE DU SITE WEB n&rsquo;est pas responsable des actions de tiers qui violent les droits de propri\u00e9t\u00e9 intellectuelle et industrielle, les secrets d&rsquo;entreprise, les droits \u00e0 l&rsquo;honneur, l&rsquo;intimit\u00e9 personnelle et familiale et l&rsquo;image de soi, ainsi que les r\u00e8gles sur la concurrence d\u00e9loyale et la publicit\u00e9 ill\u00e9gale.<\/p>\n<p>En outre, le PROPRI\u00c9TAIRE DU SITE d\u00e9cline toute responsabilit\u00e9 \u00e0 l&rsquo;\u00e9gard des informations qui se trouvent en dehors de ce site et qui ne sont pas g\u00e9r\u00e9es directement par notre webmaster. La fonction des liens qui apparaissent sur ce site est exclusivement d&rsquo;informer l&rsquo;utilisateur de l&rsquo;existence d&rsquo;autres sources susceptibles d&rsquo;enrichir le contenu propos\u00e9 sur ce site. Le PROPRI\u00c9TAIRE DU SITE WEB ne garantit pas et n&rsquo;est pas responsable du fonctionnement ou de l&rsquo;accessibilit\u00e9 des sites li\u00e9s ; il ne sugg\u00e8re, n&rsquo;invite ou ne recommande pas leur visite, et ne sera pas responsable des r\u00e9sultats obtenus. Le PROPRI\u00c9TAIRE DU SITE n&rsquo;est pas responsable de l&rsquo;\u00e9tablissement de liens hypertextes par des tiers.<\/p>\n<ul>\n<li><strong>PROC\u00c9D\u00c9 EN CAS DE R\u00c9ALISATION D\u2019ACTIVIT\u00c9S DE NATURE ILLICITE<\/strong><\/li>\n<\/ul>\n<p>Dans le cas o\u00f9 un utilisateur ou un tiers consid\u00e8re qu&rsquo;il existe des faits ou des circonstances qui r\u00e9v\u00e8lent le caract\u00e8re illicite de l&rsquo;utilisation de tout contenu et\/ou de la r\u00e9alisation de toute activit\u00e9 sur les pages Web incluses ou accessibles \u00e0 travers le site Web, il devra envoyer une notification au PROPRI\u00c9TAIRE DU SITE WEB en s&rsquo;identifiant d\u00fbment et en pr\u00e9cisant les infractions all\u00e9gu\u00e9es.<\/p>\n<ul>\n<li><strong>PUBLICATIONS<\/strong><\/li>\n<\/ul>\n<p>Les informations administratives fournies par le site Web ne remplacent pas la publication l\u00e9gale des lois, r\u00e8glements, plans, dispositions g\u00e9n\u00e9rales et actes qui doivent \u00eatre formellement publi\u00e9s dans les journaux officiels des administrations publiques, qui sont le seul instrument qui atteste de leur authenticit\u00e9 et de leur contenu. Les informations disponibles sur ce site Web doivent \u00eatre consid\u00e9r\u00e9es comme un guide n&rsquo;ayant aucune valeur juridique.<\/p>\n<ul>\n<li><strong>L\u00c9GISLATION APPLICABLE<\/strong><\/li>\n<\/ul>\n<p>Les pr\u00e9sentes conditions sont r\u00e9gies par la l\u00e9gislation espagnole en vigueur. La langue utilis\u00e9e est l&rsquo;espagnol.<\/p>\n<\/div><\/section><\/div>\n","protected":false},"excerpt":{"rendered":"","protected":false},"author":1,"featured_media":0,"parent":0,"menu_order":0,"comment_status":"closed","ping_status":"closed","template":"","meta":{"_acf_changed":false,"footnotes":""},"class_list":["post-2146","page","type-page","status-publish","hentry"],"acf":[],"_links":{"self":[{"href":"https:\/\/dyresel.com\/fr\/wp-json\/wp\/v2\/pages\/2146","targetHints":{"allow":["GET"]}}],"collection":[{"href":"https:\/\/dyresel.com\/fr\/wp-json\/wp\/v2\/pages"}],"about":[{"href":"https:\/\/dyresel.com\/fr\/wp-json\/wp\/v2\/types\/page"}],"author":[{"embeddable":true,"href":"https:\/\/dyresel.com\/fr\/wp-json\/wp\/v2\/users\/1"}],"replies":[{"embeddable":true,"href":"https:\/\/dyresel.com\/fr\/wp-json\/wp\/v2\/comments?post=2146"}],"version-history":[{"count":0,"href":"https:\/\/dyresel.com\/fr\/wp-json\/wp\/v2\/pages\/2146\/revisions"}],"wp:attachment":[{"href":"https:\/\/dyresel.com\/fr\/wp-json\/wp\/v2\/media?parent=2146"}],"curies":[{"name":"wp","href":"https:\/\/api.w.org\/{rel}","templated":true}]}}